{"id":14186,"date":"2023-02-06T14:42:24","date_gmt":"2023-02-06T12:42:24","guid":{"rendered":"http:\/\/hpt.dk\/?page_id=14186"},"modified":"2023-12-07T16:11:39","modified_gmt":"2023-12-07T14:11:39","slug":"europaeisches-lebensmittelnetzwerk","status":"publish","type":"page","link":"https:\/\/hpt.dk\/de\/europaeisches-lebensmittelnetzwerk\/","title":{"rendered":"Europ\u00e4isches Lebensmittelnetzwerk"},"content":{"rendered":"\t\t<div data-elementor-type=\"wp-page\" data-elementor-id=\"14186\" class=\"elementor elementor-14186 elementor-14185\">\n\t\t\t\t\t\t\t<div class=\"elementor-element elementor-element-3237b420 e-con-boxed e-flex e-con\" data-id=\"3237b420\" data-element_type=\"container\" data-settings=\"{&quot;background_background&quot;:&quot;classic&quot;,&quot;content_width&quot;:&quot;boxed&quot;}\">\n\t\t\t\t\t<div class=\"e-con-inner\">\n\t\t\t\t<div class=\"elementor-element elementor-element-c13408d elementor-widget elementor-widget-heading\" data-id=\"c13408d\" data-element_type=\"widget\" data-widget_type=\"heading.default\">\n\t\t\t\t<div class=\"elementor-widget-container\">\n\t\t\t<style>\/*! elementor - v3.13.3 - 28-05-2023 *\/\n.elementor-heading-title{padding:0;margin:0;line-height:1}.elementor-widget-heading .elementor-heading-title[class*=elementor-size-]>a{color:inherit;font-size:inherit;line-height:inherit}.elementor-widget-heading .elementor-heading-title.elementor-size-small{font-size:15px}.elementor-widget-heading .elementor-heading-title.elementor-size-medium{font-size:19px}.elementor-widget-heading .elementor-heading-title.elementor-size-large{font-size:29px}.elementor-widget-heading .elementor-heading-title.elementor-size-xl{font-size:39px}.elementor-widget-heading .elementor-heading-title.elementor-size-xxl{font-size:59px}<\/style><h1 class=\"elementor-heading-title elementor-size-default\">Europ\u00e4isches Lebensmittelnetzwerk<\/h1>\t\t<\/div>\n\t\t\t\t<\/div>\n\t\t\t\t<div class=\"elementor-element elementor-element-78f947b3 elementor-widget elementor-widget-spacer\" data-id=\"78f947b3\" data-element_type=\"widget\" data-widget_type=\"spacer.default\">\n\t\t\t\t<div class=\"elementor-widget-container\">\n\t\t\t<style>\/*! elementor - v3.13.3 - 28-05-2023 *\/\n.elementor-column .elementor-spacer-inner{height:var(--spacer-size)}.e-con{--container-widget-width:100%}.e-con-inner>.elementor-widget-spacer,.e-con>.elementor-widget-spacer{width:var(--container-widget-width,var(--spacer-size));--align-self:var(--container-widget-align-self,initial);--flex-shrink:0}.e-con-inner>.elementor-widget-spacer>.elementor-widget-container,.e-con-inner>.elementor-widget-spacer>.elementor-widget-container>.elementor-spacer,.e-con>.elementor-widget-spacer>.elementor-widget-container,.e-con>.elementor-widget-spacer>.elementor-widget-container>.elementor-spacer{height:100%}.e-con-inner>.elementor-widget-spacer>.elementor-widget-container>.elementor-spacer>.elementor-spacer-inner,.e-con>.elementor-widget-spacer>.elementor-widget-container>.elementor-spacer>.elementor-spacer-inner{height:var(--container-widget-height,var(--spacer-size))}<\/style>\t\t<div class=\"elementor-spacer\">\n\t\t\t<div class=\"elementor-spacer-inner\"><\/div>\n\t\t<\/div>\n\t\t\t\t<\/div>\n\t\t\t\t<\/div>\n\t\t\t\t<div class=\"elementor-element elementor-element-33c52c9d elementor-widget elementor-widget-heading\" data-id=\"33c52c9d\" data-element_type=\"widget\" data-widget_type=\"heading.default\">\n\t\t\t\t<div class=\"elementor-widget-container\">\n\t\t\t<h5 class=\"elementor-heading-title elementor-size-default\">Ihr Netzwerk f\u00fcr Lebensmittellogistik in ganz Europa<\/h5>\t\t<\/div>\n\t\t\t\t<\/div>\n\t\t\t\t\t<\/div>\n\t\t\t\t<\/div>\n\t\t\t\t<section class=\"elementor-section elementor-top-section elementor-element elementor-element-387c6b8e elementor-section-boxed elementor-section-height-default elementor-section-height-default\" data-id=\"387c6b8e\" data-element_type=\"section\">\n\t\t\t\t\t\t<div class=\"elementor-container elementor-column-gap-default\">\n\t\t\t\t\t<div class=\"elementor-column elementor-col-100 elementor-top-column elementor-element elementor-element-3fb1bed1\" data-id=\"3fb1bed1\" data-element_type=\"column\">\n\t\t\t<div class=\"elementor-widget-wrap elementor-element-populated\">\n\t\t\t\t\t\t\t\t<div class=\"elementor-element elementor-element-e58feb5 elementor-widget elementor-widget-ld_fancy_image\" data-id=\"e58feb5\" data-element_type=\"widget\" data-widget_type=\"ld_fancy_image.default\">\n\t\t\t\t<div class=\"elementor-widget-container\">\n\t\t\t\n\t\t<div class=\"lqd-imggrp-single d-block pos-rel \">\n\t\t\t<div class=\"lqd-imggrp-img-container d-inline-flex pos-rel align-items-center justify-content-center \">\n\t\t\t\t\t\t\t\t<figure class=\"w-100 pos-rel\">\n\t\t\t\t\t<img decoding=\"async\" width=\"5334\" height=\"3000\" src=\"data:image\/svg+xml;charset=utf-8,%3Csvg xmlns%3D&#039;http%3A%2F%2Fwww.w3.org%2F2000%2Fsvg&#039; viewBox%3D&#039;0 0 5334 3000&#039;%2F%3E\" class=\"attachment-full size-full wp-image-17252 ld-lazyload\" alt=\"\" itemprop=\"image\" data-src=\"https:\/\/hpt.dk\/wp-content\/uploads\/2023\/12\/EFN-Raute-Partner-Logos-2023-Q4.png\" data-srcset=\"https:\/\/hpt.dk\/wp-content\/uploads\/2023\/12\/EFN-Raute-Partner-Logos-2023-Q4.png 5334w, https:\/\/hpt.dk\/wp-content\/uploads\/2023\/12\/EFN-Raute-Partner-Logos-2023-Q4-300x169.png 300w, https:\/\/hpt.dk\/wp-content\/uploads\/2023\/12\/EFN-Raute-Partner-Logos-2023-Q4-1024x576.png 1024w, https:\/\/hpt.dk\/wp-content\/uploads\/2023\/12\/EFN-Raute-Partner-Logos-2023-Q4-150x84.png 150w, https:\/\/hpt.dk\/wp-content\/uploads\/2023\/12\/EFN-Raute-Partner-Logos-2023-Q4-1536x864.png 1536w, https:\/\/hpt.dk\/wp-content\/uploads\/2023\/12\/EFN-Raute-Partner-Logos-2023-Q4-2048x1152.png 2048w\" data-sizes=\"(max-width: 5334px) 100vw, 5334px\" data-aspect=\"1.778\" \/>\t\t\t\t\t\t\t\t\t\t\t\t\t\t\t\t\t\t\t\t\t\t\t\t\t\t\t\t\t<\/figure>\n\t\t\t<\/div>\n\t\t<\/div>\n\n\t\t\t<\/div>\n\t\t\t\t<\/div>\n\t\t\t\t<div class=\"elementor-element elementor-element-e282ac0 elementor-widget elementor-widget-spacer\" data-id=\"e282ac0\" data-element_type=\"widget\" data-widget_type=\"spacer.default\">\n\t\t\t\t<div class=\"elementor-widget-container\">\n\t\t\t\t\t<div class=\"elementor-spacer\">\n\t\t\t<div class=\"elementor-spacer-inner\"><\/div>\n\t\t<\/div>\n\t\t\t\t<\/div>\n\t\t\t\t<\/div>\n\t\t\t\t<div class=\"elementor-element elementor-element-68ae539 elementor-widget elementor-widget-text-editor\" data-id=\"68ae539\" data-element_type=\"widget\" data-widget_type=\"text-editor.default\">\n\t\t\t\t<div class=\"elementor-widget-container\">\n\t\t\t<style>\/*! elementor - v3.13.3 - 28-05-2023 *\/\n.elementor-widget-text-editor.elementor-drop-cap-view-stacked .elementor-drop-cap{background-color:#69727d;color:#fff}.elementor-widget-text-editor.elementor-drop-cap-view-framed .elementor-drop-cap{color:#69727d;border:3px solid;background-color:transparent}.elementor-widget-text-editor:not(.elementor-drop-cap-view-default) .elementor-drop-cap{margin-top:8px}.elementor-widget-text-editor:not(.elementor-drop-cap-view-default) .elementor-drop-cap-letter{width:1em;height:1em}.elementor-widget-text-editor .elementor-drop-cap{float:left;text-align:center;line-height:1;font-size:50px}.elementor-widget-text-editor .elementor-drop-cap-letter{display:inline-block}<\/style>\t\t\t\t<p>H. P. Therkelsen A\/S ist ein aktiver Partner im <a title=\"HPT - Mitglied des European Food Network\" href=\"https:\/\/european-foodnetwork.com\/\" target=\"_blank\" rel=\"noopener\">European Food Network<\/a> und leistet auf europ\u00e4ischer Ebene einen Beitrag zu einer breiten Palette von Logistikdienstleistungen. Die Netzwerkpartner sind zumeist unabh\u00e4ngige Familienunternehmen, die gemeinsam dieses leistungsstarke Logistiknetzwerk bilden.<\/p><p>Die Partner b\u00fcndeln ihre <a href=\"https:\/\/european-foodnetwork.com\/#services\" target=\"_blank\" rel=\"noopener\">Logistikdienste<\/a> unter dem Dach des European Food Network. St\u00fcckgutsendungen werden an ausgew\u00e4hlte Lieferorte in 34 europ\u00e4ischen L\u00e4ndern zugestellt.<\/p><p>Wir arbeiten schnell, zuverl\u00e4ssig und mit hoher Frequenz und halten uns strikt an den festgelegten Zeitplan. Insgesamt 23 Mitglieder sichern den Zugang zu einer einzigartigen Netzwerkabdeckung f\u00fcr St\u00fcckgutsendungen in Europa f\u00fcr Hersteller, Zulieferer und Handelsunternehmen im Lebensmittelbereich.<\/p><p>F\u00fcr uns in HPT sowohl f\u00fcr Therkelsen A\/S als auch f\u00fcr die anderen Partner im European Food Network ist der sichere Transport Ihrer Waren von gr\u00f6\u00dfter Bedeutung. Um Ihren Erwartungen an eine p\u00fcnktliche, vollst\u00e4ndige, unbesch\u00e4digte und hygienische Lieferung Ihrer Produkte gerecht zu werden, haben die Partner ein umfangreiches Regelwerk erstellt und halten sich strikt an diese <a href=\"https:\/\/european-foodnetwork.com\/#quality\" target=\"_blank\" rel=\"noopener\">Qualit\u00e4tsstandards <\/a>f\u00fcr den Lebensmitteltransport. Dar\u00fcber hinaus gew\u00e4hrleistet das Netz einen reibungslosen und nachvollziehbaren Warenfluss in ganz Europa.<\/p><p><strong><br \/>Transport von Masseng\u00fctern f\u00fcr den Lebensmittelsektor &#8211;<br \/>European Food Network deckt ganz Europa ab<\/strong><\/p><p>\u00a0<\/p><p>European Food Network kann dank seines Fachwissens bei der Zustellung von temperatursensiblen Massengutsendungen Kunden in fast ganz Europa bedienen.<\/p><p>Neben den mitteleurop\u00e4ischen L\u00e4ndern (<a href=\"https:\/\/european-foodnetwork.com\/country\/germany\/de\" target=\"_blank\" rel=\"noopener\">Deutschland<\/a>, <a href=\"https:\/\/european-foodnetwork.com\/partner\/brummer-logistik-gmbh\/austria\/de\" target=\"_blank\" rel=\"noopener\">\u00d6sterreich<\/a>, <a href=\"https:\/\/european-foodnetwork.com\/partner\/galliker-transport-ag\/switzerland\/de\" target=\"_blank\" rel=\"noopener\">Schweiz<\/a>, <a href=\"https:\/\/european-foodnetwork.com\/partner\/galliker-transport-ag\/liechtenstein\/en\" target=\"_blank\" rel=\"noopener\">Liechtenstein<\/a>, <a href=\"https:\/\/european-foodnetwork.com\/partner\/fresh-logistics-polska-sp-z-oo\/poland\/pl\" target=\"_blank\" rel=\"noopener\">Polen<\/a>, <a href=\"https:\/\/european-foodnetwork.com\/partner\/raben-logistics-czech-sro\/czech-republic\/cs\" target=\"_blank\" rel=\"noopener\">Tschechische Republik<\/a>, Slowakei, <a href=\"https:\/\/european-foodnetwork.com\/partner\/engelbert-liegl-and-dachser\/hungary\/hu\" target=\"_blank\" rel=\"noopener\">Ungarn<\/a>, <a href=\"https:\/\/european-foodnetwork.com\/partner\/brummer-logistik-gmbh-slovenia\/slovenia\/sl\" target=\"_blank\" rel=\"noopener\">Slowenien<\/a>), <a href=\"https:\/\/european-foodnetwork.com\/partner\/dachser-france-food-logistics-sas\/france\/fr\" target=\"_blank\" rel=\"noopener\">Frankreich<\/a>, Benelux (<a href=\"https:\/\/european-foodnetwork.com\/de\/partner\/muller-fresh-food-logistics\/netherlands\/\">Niederlande<\/a>, <a href=\"https:\/\/european-foodnetwork.com\/partner\/dachser-export-belgien\/belgium\/be\" target=\"_blank\" rel=\"noopener\">Belgien<\/a>, <a href=\"https:\/\/european-foodnetwork.com\/partner\/dachser-luxemburg\/luxembourg\/de\" target=\"_blank\" rel=\"noopener\">Luxemburg<\/a>), <a href=\"https:\/\/european-foodnetwork.com\/partner\/dachser\/italy\/it\" target=\"_blank\" rel=\"noopener\">Italien<\/a> und die Britischen Inseln (<a href=\"https:\/\/european-foodnetwork.com\/contact\/european-food-network\/united-kingdom\/en%20\" target=\"_blank\" rel=\"noopener\">UK<\/a>, Irland), bedient das Netz auch Kunden in Skandinavien (<a href=\"https:\/\/european-foodnetwork.com\/partner\/h-p-therkelsen-a-s\/denmark\/da\" target=\"_blank\" rel=\"noopener\">D\u00e4nemark<\/a>, <a href=\"https:\/\/european-foodnetwork.com\/partner\/frigoscandia-norway\/norway\/en\" target=\"_blank\" rel=\"noopener\">Norwegen<\/a>, <a href=\"https:\/\/european-foodnetwork.com\/partner\/frigoscandia-sweden\/sweden\/en\" target=\"_blank\" rel=\"noopener\">Schweden<\/a>, <a href=\"https:\/\/european-foodnetwork.com\/partner\/frigoscandia\/finland\/en\" target=\"_blank\" rel=\"noopener\">Finnland<\/a>), die Iberische Halbinsel (<a href=\"https:\/\/european-foodnetwork.com\/partner\/logifrio-gestion-frigorifica-sl\/spain\/es\" target=\"_blank\" rel=\"noopener\">Spanien<\/a>, <a href=\"http:\/\/european-foodnetwork.com\/partner\/logifrio-gestion-frigorifica-portugal\/portugal\/pt\" target=\"_blank\" rel=\"noopener\">Portugal<\/a>), die Balkanl\u00e4nder (Kroatien, Bosnien und Herzegowina, Serbien, Montenegro, Nordmazedonien, Bulgarien, Rum\u00e4nien, Griechenland, T\u00fcrkei) und die baltischen Staaten<a href=\"https:\/\/european-foodnetwork.com\/partner\/raben-eesti-ou\/estonia\/et\" target=\"_blank\" rel=\"noopener\">(Estland<\/a>, <a href=\"https:\/\/european-foodnetwork.com\/partner\/raben-latvia-sia\/latvia\/lv\" target=\"_blank\" rel=\"noopener\">Lettland<\/a>, <a href=\"https:\/\/european-foodnetwork.com\/partner\/raben-lietuava-uab\/lithuania\/lt\" target=\"_blank\" rel=\"noopener\">Litauen<\/a>).<\/p><p>Nehmen Sie Kontakt mit dem European Food Network auf oder finden Sie <a href=\"https:\/\/european-foodnetwork.com\/contact\" target=\"_blank\" rel=\"noopener\">hier<\/a> weitere Informationen \u00fcber das Netzwerk <a href=\"https:\/\/european-foodnetwork.com\/contact\" target=\"_blank\" rel=\"noopener\">&#8222;.<\/a><\/p><p>\u00a0<\/p><p><strong>\u00dcberblick \u00fcber die Logistikdienstleistungen:<\/strong><\/p><ul><li><a href=\"https:\/\/european-foodnetwork.com\/services\/transport-logistics\" target=\"_blank\" rel=\"noopener\">Transportlogistik &#8222;<\/a><\/li><li><a href=\"https:\/\/european-foodnetwork.com\/services\/part-load-and-groupage\" target=\"_blank\" rel=\"noopener\">St\u00fcckgut &amp; Teillose &#8222;<\/a><\/li><li><a href=\"https:\/\/european-foodnetwork.com\/services\/full-truckloads\" target=\"_blank\" rel=\"noopener\">Volle Ladungen &#8222;<\/a><\/li><li><a href=\"https:\/\/european-foodnetwork.com\/services\/temperature-controlled-transport\" target=\"_blank\" rel=\"noopener\">Temperaturgef\u00fchrter Transport &#8222;<\/a><\/li><li><a href=\"https:\/\/european-foodnetwork.com\/services\/contract-logistic\" target=\"_blank\" rel=\"noopener\">Vertragslogistik &#8222;<\/a><\/li><li><a href=\"https:\/\/european-foodnetwork.com\/services\/platforms-and-eurohub\" target=\"_blank\" rel=\"noopener\">Plattformen und Eurohubs &#8222;<\/a><\/li><li><a href=\"https:\/\/european-foodnetwork.com\/services\/value-added-services\" target=\"_blank\" rel=\"noopener\">Dienstleistungen mit Mehrwert &#8222;<\/a><\/li><li><a href=\"https:\/\/european-foodnetwork.com\/services\/vivengo\" target=\"_blank\" rel=\"noopener\">Vivengo &#8222;<\/a><\/li><li><a href=\"https:\/\/european-foodnetwork.com\/services\/information-flow\" target=\"_blank\" rel=\"noopener\">Informationsfluss &#8222;<\/a><\/li><\/ul><div>\u00a0<\/div><div><p><strong>\u00dcberblick \u00fcber die Partner des European Food Network:<\/strong><\/p><ul><li><a href=\"https:\/\/european-foodnetwork.com\/partner\/muller-fresh-food-logistics\/netherlands\/\" target=\"_blank\" rel=\"noopener\">M\u00fcller Fresh Food Logistics<\/a>\u00a0bedient die Niederlande im European Food Network<\/li><li><a href=\"https:\/\/european-foodnetwork.com\/partner\/frigoscandia-sweden\/sweden\/en\" target=\"_blank\" rel=\"noopener\">Frigoscandia<\/a> ist im European Food Network f\u00fcr Schweden, Norwegen und Finnland zust\u00e4ndig.<\/li><li><a href=\"https:\/\/european-foodnetwork.com\/partner\/brummer-logistik-gmbh\/austria\/de\" target=\"_blank\" rel=\"noopener\">BRUMMER<\/a> deckt im European Food Network die Region Passau in Deutschland sowie \u00d6sterreich und Slowenien ab<\/li><li><a href=\"https:\/\/european-foodnetwork.com\/partner\/dachser-france-food-logistics-sas\/france\/fr\" target=\"_blank\" rel=\"noopener\">DACHSER Frankreich<\/a> ist zust\u00e4ndig f\u00fcr Exporte aus Frankreich<\/li><li><a href=\"https:\/\/european-foodnetwork.com\/partner\/dachser\/italy\/it\" target=\"_blank\" rel=\"noopener\">DACHSER Italien<\/a> ist zust\u00e4ndig f\u00fcr Italien<\/li><li>Die <a href=\"https:\/\/european-foodnetwork.com\/partner\/deutschland-dachser\/germany\/de\" target=\"_blank\" rel=\"noopener\">DACHSER SE<\/a> bedient Deutschland und Luxemburg, die Region Vorarlberg in \u00d6sterreich sowie Exportaktivit\u00e4ten in der Schweiz und Belgien<\/li><li><a href=\"https:\/\/european-foodnetwork.com\/partner\/fresh-logistics-polska-sp-z-oo\/poland\/pl\" target=\"_blank\" rel=\"noopener\">Fresh Logistics<\/a>, ein Mitglied der Raben Group, ist im European Food Network f\u00fcr Polen, Estland, Lettland und Litauen zust\u00e4ndig.<\/li><li><a href=\"https:\/\/european-foodnetwork.com\/partner\/galliker-transport-ag\/switzerland\/de\" target=\"_blank\" rel=\"noopener\">Galliker<\/a> deckt die Schweiz und Liechtenstein ab<\/li><li><a href=\"https:\/\/european-foodnetwork.com\/partner\/heidelmann\/germany\/de\" target=\"_blank\" rel=\"noopener\">Heidelmann<\/a> ist im European Food Network f\u00fcr die Region Hessen in Deutschland zust\u00e4ndig.<\/li><li><a href=\"https:\/\/european-foodnetwork.com\/partner\/dischinger\/germany\/de\" target=\"_blank\" rel=\"noopener\">Karldischinger<\/a> bedient die deutschen Regionen Schwarzwald und Hochrhein sowie das Elsass im European Food Network<\/li><li><a href=\"https:\/\/european-foodnetwork.com\/partner\/engelbert-liegl-and-dachser\/hungary\/hu\" target=\"_blank\" rel=\"noopener\">LIEGL &amp; DACHSER<\/a> ist zust\u00e4ndig f\u00fcr Ungarn<\/li><li><a href=\"https:\/\/european-foodnetwork.com\/partner\/logifrio-gestion-frigorifica-sl\/spain\/es\" target=\"_blank\" rel=\"noopener\">Logifrio<\/a> berichtet \u00fcber Spanien und Portugal im European Food Network<\/li><li><a href=\"http:\/\/european-foodnetwork.com\/partner\/h-p-therkelsen-a-s\/denmark\/da\" target=\"_blank\" rel=\"noopener\">H. P. Therkelsen A\/S<\/a> ist f\u00fcr D\u00e4nemark im European Food Network zust\u00e4ndig.<\/li><li><a href=\"https:\/\/european-foodnetwork.com\/partner\/raben-logistics-czech-sro\/czech-republic\/cs\" target=\"_blank\" rel=\"noopener\">Raben<\/a> ist im European Food Network f\u00fcr die Tschechische Republik zust\u00e4ndig<\/li><\/ul><\/div>\t\t\t\t\t\t<\/div>\n\t\t\t\t<\/div>\n\t\t\t\t\t<\/div>\n\t\t<\/div>\n\t\t\t\t\t\t\t<\/div>\n\t\t<\/section>\n\t\t\t\t\t\t\t<\/div>\n\t\t","protected":false},"excerpt":{"rendered":"<p>Europ\u00e4isches Lebensmittelnetzwerk Ihr Netzwerk f\u00fcr Lebensmittellogistik in ganz Europa H. P. Therkelsen A\/S ist ein aktiver Partner im European Food Network und leistet auf europ\u00e4ischer Ebene einen Beitrag zu einer breiten Palette von Logistikdienstleistungen. Die Netzwerkpartner sind zumeist unabh\u00e4ngige Familienunternehmen, die gemeinsam dieses leistungsstarke Logistiknetzwerk bilden. Die Partner b\u00fcndeln ihre Logistikdienste unter dem Dach des [&hellip;]<\/p>\n","protected":false},"author":1,"featured_media":0,"parent":0,"menu_order":0,"comment_status":"closed","ping_status":"closed","template":"","meta":{"_mi_skip_tracking":false,"_monsterinsights_sitenote_active":false,"_monsterinsights_sitenote_note":"","_monsterinsights_sitenote_category":0,"footnotes":""},"class_list":["post-14186","page","type-page","status-publish","hentry"],"acf":[],"yoast_head":"<!-- This site is optimized with the Yoast SEO plugin v20.9 - https:\/\/yoast.com\/wordpress\/plugins\/seo\/ -->\n<title>Europ\u00e4isches Lebensmittelnetzwerk - H. P. Therkelsen<\/title>\n<meta name=\"robots\" content=\"index, follow, max-snippet:-1, max-image-preview:large, max-video-preview:-1\" \/>\n<link rel=\"canonical\" href=\"https:\/\/hpt.dk\/de\/europaeisches-lebensmittelnetzwerk\/\" \/>\n<meta property=\"og:locale\" content=\"de_DE\" \/>\n<meta property=\"og:type\" content=\"article\" \/>\n<meta property=\"og:title\" content=\"Europ\u00e4isches Lebensmittelnetzwerk - H. P. Therkelsen\" \/>\n<meta property=\"og:description\" content=\"Europ\u00e4isches Lebensmittelnetzwerk Ihr Netzwerk f\u00fcr Lebensmittellogistik in ganz Europa H. P. Therkelsen A\/S ist ein aktiver Partner im European Food Network und leistet auf europ\u00e4ischer Ebene einen Beitrag zu einer breiten Palette von Logistikdienstleistungen. Die Netzwerkpartner sind zumeist unabh\u00e4ngige Familienunternehmen, die gemeinsam dieses leistungsstarke Logistiknetzwerk bilden. Die Partner b\u00fcndeln ihre Logistikdienste unter dem Dach des [&hellip;]\" \/>\n<meta property=\"og:url\" content=\"https:\/\/hpt.dk\/de\/europaeisches-lebensmittelnetzwerk\/\" \/>\n<meta property=\"og:site_name\" content=\"H. P. Therkelsen\" \/>\n<meta property=\"article:modified_time\" content=\"2023-12-07T14:11:39+00:00\" \/>\n<meta property=\"og:image\" content=\"https:\/\/hpt.dk\/wp-content\/uploads\/2023\/12\/EFN-Raute-Partner-Logos-2023-Q4.png\" \/>\n<meta name=\"twitter:card\" content=\"summary_large_image\" \/>\n<meta name=\"twitter:label1\" content=\"Gesch\u00e4tzte Lesezeit\" \/>\n\t<meta name=\"twitter:data1\" content=\"3\u00a0Minuten\" \/>\n<script type=\"application\/ld+json\" class=\"yoast-schema-graph\">{\"@context\":\"https:\/\/schema.org\",\"@graph\":[{\"@type\":\"WebPage\",\"@id\":\"https:\/\/hpt.dk\/de\/europaeisches-lebensmittelnetzwerk\/\",\"url\":\"https:\/\/hpt.dk\/de\/europaeisches-lebensmittelnetzwerk\/\",\"name\":\"Europ\u00e4isches Lebensmittelnetzwerk - H. P. Therkelsen\",\"isPartOf\":{\"@id\":\"https:\/\/hpt.dk\/en\/#website\"},\"datePublished\":\"2023-02-06T12:42:24+00:00\",\"dateModified\":\"2023-12-07T14:11:39+00:00\",\"breadcrumb\":{\"@id\":\"https:\/\/hpt.dk\/de\/europaeisches-lebensmittelnetzwerk\/#breadcrumb\"},\"inLanguage\":\"de\",\"potentialAction\":[{\"@type\":\"ReadAction\",\"target\":[\"https:\/\/hpt.dk\/de\/europaeisches-lebensmittelnetzwerk\/\"]}]},{\"@type\":\"BreadcrumbList\",\"@id\":\"https:\/\/hpt.dk\/de\/europaeisches-lebensmittelnetzwerk\/#breadcrumb\",\"itemListElement\":[{\"@type\":\"ListItem\",\"position\":1,\"name\":\"Hjem\",\"item\":\"https:\/\/hpt.dk\/de\/\"},{\"@type\":\"ListItem\",\"position\":2,\"name\":\"Europ\u00e4isches Lebensmittelnetzwerk\"}]},{\"@type\":\"WebSite\",\"@id\":\"https:\/\/hpt.dk\/en\/#website\",\"url\":\"https:\/\/hpt.dk\/en\/\",\"name\":\"H. P. Therkelsen\",\"description\":\"Logistik | Transport | Terminal\",\"potentialAction\":[{\"@type\":\"SearchAction\",\"target\":{\"@type\":\"EntryPoint\",\"urlTemplate\":\"https:\/\/hpt.dk\/en\/?s={search_term_string}\"},\"query-input\":\"required name=search_term_string\"}],\"inLanguage\":\"de\"}]}<\/script>\n<!-- \/ Yoast SEO plugin. -->","yoast_head_json":{"title":"Europ\u00e4isches Lebensmittelnetzwerk - H. P. Therkelsen","robots":{"index":"index","follow":"follow","max-snippet":"max-snippet:-1","max-image-preview":"max-image-preview:large","max-video-preview":"max-video-preview:-1"},"canonical":"https:\/\/hpt.dk\/de\/europaeisches-lebensmittelnetzwerk\/","og_locale":"de_DE","og_type":"article","og_title":"Europ\u00e4isches Lebensmittelnetzwerk - H. P. Therkelsen","og_description":"Europ\u00e4isches Lebensmittelnetzwerk Ihr Netzwerk f\u00fcr Lebensmittellogistik in ganz Europa H. P. Therkelsen A\/S ist ein aktiver Partner im European Food Network und leistet auf europ\u00e4ischer Ebene einen Beitrag zu einer breiten Palette von Logistikdienstleistungen. Die Netzwerkpartner sind zumeist unabh\u00e4ngige Familienunternehmen, die gemeinsam dieses leistungsstarke Logistiknetzwerk bilden. Die Partner b\u00fcndeln ihre Logistikdienste unter dem Dach des [&hellip;]","og_url":"https:\/\/hpt.dk\/de\/europaeisches-lebensmittelnetzwerk\/","og_site_name":"H. P. Therkelsen","article_modified_time":"2023-12-07T14:11:39+00:00","og_image":[{"url":"https:\/\/hpt.dk\/wp-content\/uploads\/2023\/12\/EFN-Raute-Partner-Logos-2023-Q4.png"}],"twitter_card":"summary_large_image","twitter_misc":{"Gesch\u00e4tzte Lesezeit":"3\u00a0Minuten"},"schema":{"@context":"https:\/\/schema.org","@graph":[{"@type":"WebPage","@id":"https:\/\/hpt.dk\/de\/europaeisches-lebensmittelnetzwerk\/","url":"https:\/\/hpt.dk\/de\/europaeisches-lebensmittelnetzwerk\/","name":"Europ\u00e4isches Lebensmittelnetzwerk - H. P. Therkelsen","isPartOf":{"@id":"https:\/\/hpt.dk\/en\/#website"},"datePublished":"2023-02-06T12:42:24+00:00","dateModified":"2023-12-07T14:11:39+00:00","breadcrumb":{"@id":"https:\/\/hpt.dk\/de\/europaeisches-lebensmittelnetzwerk\/#breadcrumb"},"inLanguage":"de","potentialAction":[{"@type":"ReadAction","target":["https:\/\/hpt.dk\/de\/europaeisches-lebensmittelnetzwerk\/"]}]},{"@type":"BreadcrumbList","@id":"https:\/\/hpt.dk\/de\/europaeisches-lebensmittelnetzwerk\/#breadcrumb","itemListElement":[{"@type":"ListItem","position":1,"name":"Hjem","item":"https:\/\/hpt.dk\/de\/"},{"@type":"ListItem","position":2,"name":"Europ\u00e4isches Lebensmittelnetzwerk"}]},{"@type":"WebSite","@id":"https:\/\/hpt.dk\/en\/#website","url":"https:\/\/hpt.dk\/en\/","name":"H. P. Therkelsen","description":"Logistik | Transport | Terminal","potentialAction":[{"@type":"SearchAction","target":{"@type":"EntryPoint","urlTemplate":"https:\/\/hpt.dk\/en\/?s={search_term_string}"},"query-input":"required name=search_term_string"}],"inLanguage":"de"}]}},"_links":{"self":[{"href":"https:\/\/hpt.dk\/de\/wp-json\/wp\/v2\/pages\/14186","targetHints":{"allow":["GET"]}}],"collection":[{"href":"https:\/\/hpt.dk\/de\/wp-json\/wp\/v2\/pages"}],"about":[{"href":"https:\/\/hpt.dk\/de\/wp-json\/wp\/v2\/types\/page"}],"author":[{"embeddable":true,"href":"https:\/\/hpt.dk\/de\/wp-json\/wp\/v2\/users\/1"}],"replies":[{"embeddable":true,"href":"https:\/\/hpt.dk\/de\/wp-json\/wp\/v2\/comments?post=14186"}],"version-history":[{"count":14,"href":"https:\/\/hpt.dk\/de\/wp-json\/wp\/v2\/pages\/14186\/revisions"}],"predecessor-version":[{"id":17271,"href":"https:\/\/hpt.dk\/de\/wp-json\/wp\/v2\/pages\/14186\/revisions\/17271"}],"wp:attachment":[{"href":"https:\/\/hpt.dk\/de\/wp-json\/wp\/v2\/media?parent=14186"}],"curies":[{"name":"wp","href":"https:\/\/api.w.org\/{rel}","templated":true}]}}