{"id":11884,"date":"2022-10-12T14:41:36","date_gmt":"2022-10-12T12:41:36","guid":{"rendered":"http:\/\/hpt.dk\/cookie-und-datenschutzrichtlinie\/"},"modified":"2023-04-18T21:22:30","modified_gmt":"2023-04-18T19:22:30","slug":"cookie-und-datenschutzrichtlinie","status":"publish","type":"page","link":"https:\/\/hpt.dk\/de\/cookie-und-datenschutzrichtlinie\/","title":{"rendered":"Cookie- und Datenschutzrichtlinie"},"content":{"rendered":"\t\t<div data-elementor-type=\"wp-page\" data-elementor-id=\"11884\" class=\"elementor elementor-11884 elementor-11881\">\n\t\t\t\t\t\t\t<div class=\"elementor-element elementor-element-349b7dbf e-con-boxed e-flex e-con\" data-id=\"349b7dbf\" data-element_type=\"container\" data-settings=\"{&quot;background_background&quot;:&quot;classic&quot;,&quot;content_width&quot;:&quot;boxed&quot;}\">\n\t\t\t\t\t<div class=\"e-con-inner\">\n\t\t\t\t<div class=\"elementor-element elementor-element-2951c79b elementor-widget elementor-widget-heading\" data-id=\"2951c79b\" data-element_type=\"widget\" data-widget_type=\"heading.default\">\n\t\t\t\t<div class=\"elementor-widget-container\">\n\t\t\t<style>\/*! elementor - v3.13.3 - 28-05-2023 *\/\n.elementor-heading-title{padding:0;margin:0;line-height:1}.elementor-widget-heading .elementor-heading-title[class*=elementor-size-]>a{color:inherit;font-size:inherit;line-height:inherit}.elementor-widget-heading .elementor-heading-title.elementor-size-small{font-size:15px}.elementor-widget-heading .elementor-heading-title.elementor-size-medium{font-size:19px}.elementor-widget-heading .elementor-heading-title.elementor-size-large{font-size:29px}.elementor-widget-heading .elementor-heading-title.elementor-size-xl{font-size:39px}.elementor-widget-heading .elementor-heading-title.elementor-size-xxl{font-size:59px}<\/style><h1 class=\"elementor-heading-title elementor-size-default\">Cookie- und Datenschutzrichtlinie<\/h1>\t\t<\/div>\n\t\t\t\t<\/div>\n\t\t\t\t\t<\/div>\n\t\t\t\t<\/div>\n\t\t<div class=\"elementor-element elementor-element-736bbe9 e-con-boxed e-flex e-con\" data-id=\"736bbe9\" data-element_type=\"container\" data-settings=\"{&quot;content_width&quot;:&quot;boxed&quot;}\">\n\t\t\t\t\t<div class=\"e-con-inner\">\n\t\t\t\t<div class=\"elementor-element elementor-element-c3b2834 elementor-widget elementor-widget-text-editor\" data-id=\"c3b2834\" data-element_type=\"widget\" data-widget_type=\"text-editor.default\">\n\t\t\t\t<div class=\"elementor-widget-container\">\n\t\t\t<style>\/*! elementor - v3.13.3 - 28-05-2023 *\/\n.elementor-widget-text-editor.elementor-drop-cap-view-stacked .elementor-drop-cap{background-color:#69727d;color:#fff}.elementor-widget-text-editor.elementor-drop-cap-view-framed .elementor-drop-cap{color:#69727d;border:3px solid;background-color:transparent}.elementor-widget-text-editor:not(.elementor-drop-cap-view-default) .elementor-drop-cap{margin-top:8px}.elementor-widget-text-editor:not(.elementor-drop-cap-view-default) .elementor-drop-cap-letter{width:1em;height:1em}.elementor-widget-text-editor .elementor-drop-cap{float:left;text-align:center;line-height:1;font-size:50px}.elementor-widget-text-editor .elementor-drop-cap-letter{display:inline-block}<\/style>\t\t\t\t<style>\n    a.cky-banner-element {<br\/>        padding: 8px 30px;<br\/>        background: #F8F9FA;<br\/>        color: #858A8F;<br\/>        border: 1px solid #DEE2E6;<br\/>        box-sizing: border-box;<br\/>        border-radius: 2px;<br\/>        cursor: pointer;<br\/>}<br\/><\/style>\n<h1 class=\"cookie-policy-h1\">Cookie- und Datenschutzrichtlinie<\/h1>\nDatum des Inkrafttretens: 18. April 2023\nLetzte Aktualisierung: 18-Apr-2023\n\n&nbsp;\n<h5>Was sind Cookies?<\/h5>\n<div class=\"cookie-policy-p\">\n\nIn dieser Cookie-Richtlinie wird erl\u00e4utert, was Cookies sind und wie wir sie verwenden, welche Arten von Cookies wir verwenden, d. h. welche Informationen wir mit Hilfe von Cookies sammeln und wie diese Informationen verwendet werden, und wie Sie die Cookie-Einstellungen verwalten k\u00f6nnen.\n\nCookies sind kleine Textdateien, die dazu dienen, kleine Informationen zu speichern. Sie werden auf Ihrem Ger\u00e4t gespeichert, wenn die Website in Ihrem Browser geladen wird. Diese Cookies helfen uns, die Website ordnungsgem\u00e4\u00df zu betreiben, sie sicherer zu machen, die Benutzerfreundlichkeit zu verbessern und zu verstehen, wie die Website funktioniert, und zu analysieren, was funktioniert und wo sie verbessert werden muss.\n\n<\/div>\n&nbsp;\n<h5>Wie verwenden wir Cookies?<\/h5>\n<div class=\"cookie-policy-p\">\n\nWenn Sie andere Arten von Online-Diensten nutzen, verwendet unsere Website Cookies von Erstanbietern und Drittanbietern f\u00fcr verschiedene Zwecke. Cookies von Erstanbietern sind in den meisten F\u00e4llen f\u00fcr das ordnungsgem\u00e4\u00dfe Funktionieren der Website erforderlich und erfassen keine personenbezogenen Daten von Ihnen.\n\nDie auf unserer Website verwendeten Cookies von Drittanbietern dienen haupts\u00e4chlich dazu, zu verstehen, wie die Website funktioniert, wie Sie mit unserer Website interagieren, unsere Dienste sicher zu halten, Ihnen f\u00fcr Sie relevante Werbung zu liefern und Ihnen insgesamt ein besseres und verbessertes Benutzererlebnis zu bieten und Ihre zuk\u00fcnftigen Interaktionen mit unserer Website zu beschleunigen.eb browser, please visit your browser&#8217;s official support documents.\n\n<\/div>\n&nbsp;\n<h5>Arten von Cookies, die wir verwenden<\/h5>\n<div class=\"cky-audit-table-element\"><\/div>\n&nbsp;\n<h5 style=\"margin-bottom: 20px;\">Cookie-Einstellungen verwalten<\/h5>\n<a class=\"cky-banner-element\">Cookie-Einstellungen<\/a>\n<div>\n\nSie k\u00f6nnen Ihre Cookie-Einstellungen jederzeit \u00e4ndern, indem Sie auf die obige Schaltfl\u00e4che klicken. Auf diese Weise k\u00f6nnen Sie den Cookie-Einwilligungsbanner erneut aufrufen und Ihre Einstellungen \u00e4ndern oder Ihre Einwilligung sofort widerrufen.\n\nDar\u00fcber hinaus bieten die verschiedenen Browser unterschiedliche Methoden zum Blockieren und L\u00f6schen von Cookies, die von Websites verwendet werden. Sie k\u00f6nnen die Einstellungen Ihres Browsers \u00e4ndern, um Cookies zu blockieren\/l\u00f6schen. Nachstehend finden Sie die Links zu den Support-Dokumenten f\u00fcr die Verwaltung und L\u00f6schung von Cookies in den wichtigsten Webbrowsern.\n\n&nbsp;\n\nChrom: <a href=\"https:\/\/support.google.com\/accounts\/answer\/32050\" target=\"_blank\" rel=\"noopener noreferrer\">https:\/\/support.google.com\/accounts\/answer\/32050<\/a>\n\n&nbsp;\n\nSafari: <a href=\"https:\/\/support.apple.com\/en-in\/guide\/safari\/sfri11471\/mac\" target=\"_blank\" rel=\"noopener noreferrer\">https:\/\/support.apple.com\/en-in\/guide\/safari\/sfri11471\/mac<\/a>\n\n&nbsp;\n\nFirefox: <a href=\"https:\/\/support.mozilla.org\/en-US\/kb\/clear-cookies-and-site-data-firefox?redirectslug=delete-cookies-remove-info-websites-stored&amp;redirectlocale=en-US\" target=\"_blank\" rel=\"noopener noreferrer\">https:\/\/support.mozilla.org\/en-US\/kb\/clear-cookies-and-site-data-firefox?redirectslug=delete-cookies-remove-info-websites-stored&amp;redirectlocale=en-US<\/a>\n\n&nbsp;\n\nInternet Explorer: <a href=\"https:\/\/support.microsoft.com\/en-us\/topic\/how-to-delete-cookie-files-in-internet-explorer-bca9446f-d873-78de-77ba-d42645fa52fc\" target=\"_blank\" rel=\"noopener noreferrer\">https:\/\/support.microsoft.com\/en-us\/topic\/how-to-delete-cookie-files-in-internet-explorer-bca9446f-d873-78de-77ba-d42645fa52fc<\/a>\n\n&nbsp;\n\nWenn Sie einen anderen Webbrowser verwenden, lesen Sie bitte die offiziellen Support-Dokumente f\u00fcr Ihren Browser.\n\n<\/div>\t\t\t\t\t\t<\/div>\n\t\t\t\t<\/div>\n\t\t\t\t\t<\/div>\n\t\t\t\t<\/div>\n\t\t\t\t\t\t\t<\/div>\n\t\t","protected":false},"excerpt":{"rendered":"<p>Cookie- und Datenschutzrichtlinie Cookie- und Datenschutzrichtlinie Datum des Inkrafttretens: 18. April 2023 Letzte Aktualisierung: 18-Apr-2023 &nbsp; Was sind Cookies? In dieser Cookie-Richtlinie wird erl\u00e4utert, was Cookies sind und wie wir sie verwenden, welche Arten von Cookies wir verwenden, d. h. welche Informationen wir mit Hilfe von Cookies sammeln und wie diese Informationen verwendet werden, und [&hellip;]<\/p>\n","protected":false},"author":1,"featured_media":0,"parent":0,"menu_order":0,"comment_status":"closed","ping_status":"closed","template":"","meta":{"_mi_skip_tracking":false,"_monsterinsights_sitenote_active":false,"_monsterinsights_sitenote_note":"","_monsterinsights_sitenote_category":0,"footnotes":""},"class_list":["post-11884","page","type-page","status-publish","hentry"],"acf":[],"yoast_head":"<!-- This site is optimized with the Yoast SEO plugin v20.9 - https:\/\/yoast.com\/wordpress\/plugins\/seo\/ -->\n<title>Cookie- und Datenschutzrichtlinie - H. P. Therkelsen<\/title>\n<meta name=\"robots\" content=\"index, follow, max-snippet:-1, max-image-preview:large, max-video-preview:-1\" \/>\n<link rel=\"canonical\" href=\"https:\/\/hpt.dk\/de\/cookie-und-datenschutzrichtlinie\/\" \/>\n<meta property=\"og:locale\" content=\"de_DE\" \/>\n<meta property=\"og:type\" content=\"article\" \/>\n<meta property=\"og:title\" content=\"Cookie- und Datenschutzrichtlinie - H. P. Therkelsen\" \/>\n<meta property=\"og:description\" content=\"Cookie- und Datenschutzrichtlinie Cookie- und Datenschutzrichtlinie Datum des Inkrafttretens: 18. April 2023 Letzte Aktualisierung: 18-Apr-2023 &nbsp; Was sind Cookies? In dieser Cookie-Richtlinie wird erl\u00e4utert, was Cookies sind und wie wir sie verwenden, welche Arten von Cookies wir verwenden, d. h. welche Informationen wir mit Hilfe von Cookies sammeln und wie diese Informationen verwendet werden, und [&hellip;]\" \/>\n<meta property=\"og:url\" content=\"https:\/\/hpt.dk\/de\/cookie-und-datenschutzrichtlinie\/\" \/>\n<meta property=\"og:site_name\" content=\"H. P. Therkelsen\" \/>\n<meta property=\"article:modified_time\" content=\"2023-04-18T19:22:30+00:00\" \/>\n<meta name=\"twitter:card\" content=\"summary_large_image\" \/>\n<meta name=\"twitter:label1\" content=\"Gesch\u00e4tzte Lesezeit\" \/>\n\t<meta name=\"twitter:data1\" content=\"2\u00a0Minuten\" \/>\n<script type=\"application\/ld+json\" class=\"yoast-schema-graph\">{\"@context\":\"https:\/\/schema.org\",\"@graph\":[{\"@type\":\"WebPage\",\"@id\":\"https:\/\/hpt.dk\/de\/cookie-und-datenschutzrichtlinie\/\",\"url\":\"https:\/\/hpt.dk\/de\/cookie-und-datenschutzrichtlinie\/\",\"name\":\"Cookie- und Datenschutzrichtlinie - H. P. Therkelsen\",\"isPartOf\":{\"@id\":\"https:\/\/hpt.dk\/en\/#website\"},\"datePublished\":\"2022-10-12T12:41:36+00:00\",\"dateModified\":\"2023-04-18T19:22:30+00:00\",\"breadcrumb\":{\"@id\":\"https:\/\/hpt.dk\/de\/cookie-und-datenschutzrichtlinie\/#breadcrumb\"},\"inLanguage\":\"de\",\"potentialAction\":[{\"@type\":\"ReadAction\",\"target\":[\"https:\/\/hpt.dk\/de\/cookie-und-datenschutzrichtlinie\/\"]}]},{\"@type\":\"BreadcrumbList\",\"@id\":\"https:\/\/hpt.dk\/de\/cookie-und-datenschutzrichtlinie\/#breadcrumb\",\"itemListElement\":[{\"@type\":\"ListItem\",\"position\":1,\"name\":\"Hjem\",\"item\":\"https:\/\/hpt.dk\/de\/\"},{\"@type\":\"ListItem\",\"position\":2,\"name\":\"Cookie- und Datenschutzrichtlinie\"}]},{\"@type\":\"WebSite\",\"@id\":\"https:\/\/hpt.dk\/en\/#website\",\"url\":\"https:\/\/hpt.dk\/en\/\",\"name\":\"H. P. Therkelsen\",\"description\":\"Logistik | Transport | Terminal\",\"potentialAction\":[{\"@type\":\"SearchAction\",\"target\":{\"@type\":\"EntryPoint\",\"urlTemplate\":\"https:\/\/hpt.dk\/en\/?s={search_term_string}\"},\"query-input\":\"required name=search_term_string\"}],\"inLanguage\":\"de\"}]}<\/script>\n<!-- \/ Yoast SEO plugin. -->","yoast_head_json":{"title":"Cookie- und Datenschutzrichtlinie - H. P. Therkelsen","robots":{"index":"index","follow":"follow","max-snippet":"max-snippet:-1","max-image-preview":"max-image-preview:large","max-video-preview":"max-video-preview:-1"},"canonical":"https:\/\/hpt.dk\/de\/cookie-und-datenschutzrichtlinie\/","og_locale":"de_DE","og_type":"article","og_title":"Cookie- und Datenschutzrichtlinie - H. P. Therkelsen","og_description":"Cookie- und Datenschutzrichtlinie Cookie- und Datenschutzrichtlinie Datum des Inkrafttretens: 18. April 2023 Letzte Aktualisierung: 18-Apr-2023 &nbsp; Was sind Cookies? In dieser Cookie-Richtlinie wird erl\u00e4utert, was Cookies sind und wie wir sie verwenden, welche Arten von Cookies wir verwenden, d. h. welche Informationen wir mit Hilfe von Cookies sammeln und wie diese Informationen verwendet werden, und [&hellip;]","og_url":"https:\/\/hpt.dk\/de\/cookie-und-datenschutzrichtlinie\/","og_site_name":"H. P. Therkelsen","article_modified_time":"2023-04-18T19:22:30+00:00","twitter_card":"summary_large_image","twitter_misc":{"Gesch\u00e4tzte Lesezeit":"2\u00a0Minuten"},"schema":{"@context":"https:\/\/schema.org","@graph":[{"@type":"WebPage","@id":"https:\/\/hpt.dk\/de\/cookie-und-datenschutzrichtlinie\/","url":"https:\/\/hpt.dk\/de\/cookie-und-datenschutzrichtlinie\/","name":"Cookie- und Datenschutzrichtlinie - H. P. Therkelsen","isPartOf":{"@id":"https:\/\/hpt.dk\/en\/#website"},"datePublished":"2022-10-12T12:41:36+00:00","dateModified":"2023-04-18T19:22:30+00:00","breadcrumb":{"@id":"https:\/\/hpt.dk\/de\/cookie-und-datenschutzrichtlinie\/#breadcrumb"},"inLanguage":"de","potentialAction":[{"@type":"ReadAction","target":["https:\/\/hpt.dk\/de\/cookie-und-datenschutzrichtlinie\/"]}]},{"@type":"BreadcrumbList","@id":"https:\/\/hpt.dk\/de\/cookie-und-datenschutzrichtlinie\/#breadcrumb","itemListElement":[{"@type":"ListItem","position":1,"name":"Hjem","item":"https:\/\/hpt.dk\/de\/"},{"@type":"ListItem","position":2,"name":"Cookie- und Datenschutzrichtlinie"}]},{"@type":"WebSite","@id":"https:\/\/hpt.dk\/en\/#website","url":"https:\/\/hpt.dk\/en\/","name":"H. P. Therkelsen","description":"Logistik | Transport | Terminal","potentialAction":[{"@type":"SearchAction","target":{"@type":"EntryPoint","urlTemplate":"https:\/\/hpt.dk\/en\/?s={search_term_string}"},"query-input":"required name=search_term_string"}],"inLanguage":"de"}]}},"_links":{"self":[{"href":"https:\/\/hpt.dk\/de\/wp-json\/wp\/v2\/pages\/11884","targetHints":{"allow":["GET"]}}],"collection":[{"href":"https:\/\/hpt.dk\/de\/wp-json\/wp\/v2\/pages"}],"about":[{"href":"https:\/\/hpt.dk\/de\/wp-json\/wp\/v2\/types\/page"}],"author":[{"embeddable":true,"href":"https:\/\/hpt.dk\/de\/wp-json\/wp\/v2\/users\/1"}],"replies":[{"embeddable":true,"href":"https:\/\/hpt.dk\/de\/wp-json\/wp\/v2\/comments?post=11884"}],"version-history":[{"count":3,"href":"https:\/\/hpt.dk\/de\/wp-json\/wp\/v2\/pages\/11884\/revisions"}],"predecessor-version":[{"id":14720,"href":"https:\/\/hpt.dk\/de\/wp-json\/wp\/v2\/pages\/11884\/revisions\/14720"}],"wp:attachment":[{"href":"https:\/\/hpt.dk\/de\/wp-json\/wp\/v2\/media?parent=11884"}],"curies":[{"name":"wp","href":"https:\/\/api.w.org\/{rel}","templated":true}]}}